{"id":3796,"date":"2022-05-23T21:07:56","date_gmt":"2022-05-23T19:07:56","guid":{"rendered":"https:\/\/www.geldernsein-festival.de\/?page_id=3796"},"modified":"2022-05-23T21:14:08","modified_gmt":"2022-05-23T19:14:08","slug":"2021-3","status":"publish","type":"page","link":"https:\/\/www.geldernsein-festival.de\/?page_id=3796","title":{"rendered":"2021"},"content":{"rendered":"<p><div class=\"fusion-fullwidth fullwidth-box fusion-builder-row-1 faded-background fusion-parallax-fixed hundred-percent-fullwidth non-hundred-percent-height-scrolling\" style=\"background-position: center top;background-repeat: no-repeat;padding-top:0px;padding-right:0px;padding-bottom:0px;padding-left:0px;margin-bottom: 50px;margin-top: 0px;border-width: 0px 0px 0px 0px;border-color:#3e3e3e;border-style:solid;-webkit-background-size:cover;-moz-background-size:cover;-o-background-size:cover;background-size:cover;background-attachment:fixed;\" ><div class=\"fullwidth-faded\" style=\"background-attachment:fixed;background-color:rgba(255,255,255,0);background-image: url(https:\/\/www.geldernsein-festival.de\/wp-content\/uploads\/2022\/04\/8A643F77-FCC9-482D-A5C0-329905DF7F59-scaled.jpeg);background-position:center top;background-repeat:no-repeat;-webkit-background-size:cover;-moz-background-size:cover;-o-background-size:cover;background-size:cover;\" ><\/div><div class=\"fusion-builder-row fusion-row\"><div class=\"fusion-layout-column fusion_builder_column fusion-builder-column-0 fusion_builder_column_1_1 1_1 fusion-one-full fusion-column-first fusion-column-last fusion-animated\" style=\"margin-top:350px;margin-bottom:0px;\" data-animationType=\"shake\" data-animationDuration=\"0.3\" data-animationOffset=\"bottom-in-view\"><div class=\"fusion-column-wrapper fusion-flex-column-wrapper-legacy\" style=\"background-position:left top;background-repeat:no-repeat;-webkit-background-size:cover;-moz-background-size:cover;-o-background-size:cover;background-size:cover;background-color:rgba(0,0,0,0.5);padding: 10px 0px 10px 0px;\"><div class=\"fusion-text fusion-text-1\"><h1 style=\"text-align: center;\">R\u00fcckblick 2021<\/h1>\n<\/div><div class=\"fusion-clearfix\"><\/div><\/div><\/div><\/div><\/div><div class=\"fusion-fullwidth fullwidth-box fusion-builder-row-2 nonhundred-percent-fullwidth non-hundred-percent-height-scrolling\" style=\"background-color: rgba(255,255,255,0);background-position: center center;background-repeat: no-repeat;padding-top:0px;padding-right:0px;padding-bottom:0px;padding-left:0px;margin-bottom: 0px;margin-top: 0px;border-width: 0px 0px 0px 0px;border-color:#3e3e3e;border-style:solid;\" ><div class=\"fusion-builder-row fusion-row\"><div class=\"fusion-layout-column fusion_builder_column fusion-builder-column-1 fusion_builder_column_4_5 4_5 fusion-four-fifth fusion-column-first\" style=\"width:80%;width:calc(80% - ( ( 4% ) * 0.8 ) );margin-right: 4%;margin-top:0px;margin-bottom:0px;\"><div class=\"fusion-column-wrapper fusion-flex-column-wrapper-legacy\" style=\"background-position:left top;background-repeat:no-repeat;-webkit-background-size:cover;-moz-background-size:cover;-o-background-size:cover;background-size:cover;padding: 0px 0px 0px 0px;\"><div class=\"fusion-text fusion-text-2\"><p>Es ist das Jahr 2021. Bereits im vergangenen Jahr musste das geldernsein-Festival aufgrund der Pandemie ausfallen. Aber ein zweites Jahr wollten wir das nicht hinnehmen. Schnell war klar:<\/p>\n<p>Wenn ihr nicht zum Festival kommen k\u00f6nnt, dann muss das Festival einfach zu euch kommen!<\/p>\n<p>Auch \u00fcber das &#8222;Wie&#8220; waren sich alle ziemlich schnell einig: wir schicken die Bands durch Gelderns Innenstadt. Die B\u00fchne? Ein roter, kultiger Doppeldeckerbus. Das Publikum? Jede Person, die am 21. August 2021 in der Stadt unterwegs ist, die August Sonne bei einem Eis, oder einfach am Samstagabend in einer Gastst\u00e4tte ein k\u00fchles Getr\u00e4nk genie\u00dft.<\/p>\n<p>Die &#8222;Buskalation&#8220; war geboren!<\/p>\n<div id=\"attachment_3778\" style=\"width: 417px\" class=\"wp-caption aligncenter\"><img aria-describedby=\"caption-attachment-3778\" decoding=\"async\" class=\"wp-image-3778 \" src=\"https:\/\/www.geldernsein-festival.de\/wp-content\/uploads\/2022\/04\/E7E9EF74-6CFF-46E4-A768-B75670426584-300x225.jpeg\" alt=\"Roter Doppeldeckerbus vor seinem Einsatz bei der Buskalation 2021\" width=\"407\" height=\"305\" srcset=\"https:\/\/www.geldernsein-festival.de\/wp-content\/uploads\/2022\/04\/E7E9EF74-6CFF-46E4-A768-B75670426584-200x150.jpeg 200w, https:\/\/www.geldernsein-festival.de\/wp-content\/uploads\/2022\/04\/E7E9EF74-6CFF-46E4-A768-B75670426584-300x225.jpeg 300w, https:\/\/www.geldernsein-festival.de\/wp-content\/uploads\/2022\/04\/E7E9EF74-6CFF-46E4-A768-B75670426584-400x300.jpeg 400w, https:\/\/www.geldernsein-festival.de\/wp-content\/uploads\/2022\/04\/E7E9EF74-6CFF-46E4-A768-B75670426584-600x450.jpeg 600w, https:\/\/www.geldernsein-festival.de\/wp-content\/uploads\/2022\/04\/E7E9EF74-6CFF-46E4-A768-B75670426584-768x576.jpeg 768w, https:\/\/www.geldernsein-festival.de\/wp-content\/uploads\/2022\/04\/E7E9EF74-6CFF-46E4-A768-B75670426584-800x600.jpeg 800w, https:\/\/www.geldernsein-festival.de\/wp-content\/uploads\/2022\/04\/E7E9EF74-6CFF-46E4-A768-B75670426584-1024x768.jpeg 1024w, https:\/\/www.geldernsein-festival.de\/wp-content\/uploads\/2022\/04\/E7E9EF74-6CFF-46E4-A768-B75670426584-1200x900.jpeg 1200w, https:\/\/www.geldernsein-festival.de\/wp-content\/uploads\/2022\/04\/E7E9EF74-6CFF-46E4-A768-B75670426584-1536x1152.jpeg 1536w\" sizes=\"(max-width: 407px) 100vw, 407px\" \/><p id=\"caption-attachment-3778\" class=\"wp-caption-text\">Der Doppeldeckerbus wird f\u00fcr die Buskalation 2021 startklar gemacht.<\/p><\/div>\n<h4>Runde 1 &#8211; Haltestellen: Marktplatz &#8211; Schwarzes Pferd mit Cham\u00e4leon<\/h4>\n<p>Nach kurzem Soundcheck er\u00f6ffneten die beiden Herren von Cham\u00e4leon um 16 Uhr die erste Runde auf dem Bus. Ihre Stopps waren der Marktplatz und das &#8222;Schwarze Pferd&#8220;.<\/p>\n<div id=\"attachment_3780\" style=\"width: 417px\" class=\"wp-caption aligncenter\"><img aria-describedby=\"caption-attachment-3780\" decoding=\"async\" class=\" wp-image-3780\" src=\"https:\/\/www.geldernsein-festival.de\/wp-content\/uploads\/2022\/04\/67ECAD46-7B21-4633-81FE-0A3F26465EB9-300x225.jpeg\" alt=\"\" width=\"407\" height=\"305\" srcset=\"https:\/\/www.geldernsein-festival.de\/wp-content\/uploads\/2022\/04\/67ECAD46-7B21-4633-81FE-0A3F26465EB9-200x150.jpeg 200w, https:\/\/www.geldernsein-festival.de\/wp-content\/uploads\/2022\/04\/67ECAD46-7B21-4633-81FE-0A3F26465EB9-300x225.jpeg 300w, https:\/\/www.geldernsein-festival.de\/wp-content\/uploads\/2022\/04\/67ECAD46-7B21-4633-81FE-0A3F26465EB9-400x300.jpeg 400w, https:\/\/www.geldernsein-festival.de\/wp-content\/uploads\/2022\/04\/67ECAD46-7B21-4633-81FE-0A3F26465EB9-600x450.jpeg 600w, https:\/\/www.geldernsein-festival.de\/wp-content\/uploads\/2022\/04\/67ECAD46-7B21-4633-81FE-0A3F26465EB9-768x576.jpeg 768w, https:\/\/www.geldernsein-festival.de\/wp-content\/uploads\/2022\/04\/67ECAD46-7B21-4633-81FE-0A3F26465EB9-800x600.jpeg 800w, https:\/\/www.geldernsein-festival.de\/wp-content\/uploads\/2022\/04\/67ECAD46-7B21-4633-81FE-0A3F26465EB9-1024x768.jpeg 1024w, https:\/\/www.geldernsein-festival.de\/wp-content\/uploads\/2022\/04\/67ECAD46-7B21-4633-81FE-0A3F26465EB9-1200x900.jpeg 1200w, https:\/\/www.geldernsein-festival.de\/wp-content\/uploads\/2022\/04\/67ECAD46-7B21-4633-81FE-0A3F26465EB9-1536x1152.jpeg 1536w\" sizes=\"(max-width: 407px) 100vw, 407px\" \/><p id=\"caption-attachment-3780\" class=\"wp-caption-text\">Cham\u00e4leon spielen vorm Schwarzen Pferd in Geldern<\/p><\/div>\n<p>W\u00e4hrend der zwei Sets, aber auch auf dem Ortswechsel lockte die Buskalation immer mehr neugierige Passanten an, die schnell Gefallen an dem Konzept fanden. Auch das Duo aus Moers hatten Spa\u00df auf der besonderen B\u00fchne.<\/p>\n<h4>Runde 2 &#8211; Haltestellen: Malo\u00b4s Bistro &#8211; Schwarzbrenner mit HEEN<\/h4>\n<p>Nach dieser erfolgreichen ersten Runde hie\u00df es B\u00fchne frei f\u00fcr Andreas Klassen, alias HEEN. Gegen 19 Uhr hielt der Doppeldeckerbus vor \u00a0&#8222;Malo\u00b4s Bistro&#8220; und sofort begann der Soul-Zauber. HEEN sang &#8222;Nothing In The World Moves Me Like Soul&#8220; und das Publikum konnte dem nur zustimmen.<\/p>\n<div id=\"attachment_3782\" style=\"width: 418px\" class=\"wp-caption aligncenter\"><img aria-describedby=\"caption-attachment-3782\" decoding=\"async\" class=\" wp-image-3782\" src=\"https:\/\/www.geldernsein-festival.de\/wp-content\/uploads\/2022\/04\/039A4C48-FE81-4BEB-816C-075672F32347_1_201_a-300x191.jpeg\" alt=\"\" width=\"408\" height=\"260\" srcset=\"https:\/\/www.geldernsein-festival.de\/wp-content\/uploads\/2022\/04\/039A4C48-FE81-4BEB-816C-075672F32347_1_201_a-200x127.jpeg 200w, https:\/\/www.geldernsein-festival.de\/wp-content\/uploads\/2022\/04\/039A4C48-FE81-4BEB-816C-075672F32347_1_201_a-300x191.jpeg 300w, https:\/\/www.geldernsein-festival.de\/wp-content\/uploads\/2022\/04\/039A4C48-FE81-4BEB-816C-075672F32347_1_201_a-400x255.jpeg 400w, https:\/\/www.geldernsein-festival.de\/wp-content\/uploads\/2022\/04\/039A4C48-FE81-4BEB-816C-075672F32347_1_201_a-600x382.jpeg 600w, https:\/\/www.geldernsein-festival.de\/wp-content\/uploads\/2022\/04\/039A4C48-FE81-4BEB-816C-075672F32347_1_201_a-768x489.jpeg 768w, https:\/\/www.geldernsein-festival.de\/wp-content\/uploads\/2022\/04\/039A4C48-FE81-4BEB-816C-075672F32347_1_201_a-800x510.jpeg 800w, https:\/\/www.geldernsein-festival.de\/wp-content\/uploads\/2022\/04\/039A4C48-FE81-4BEB-816C-075672F32347_1_201_a-1024x652.jpeg 1024w, https:\/\/www.geldernsein-festival.de\/wp-content\/uploads\/2022\/04\/039A4C48-FE81-4BEB-816C-075672F32347_1_201_a-1200x764.jpeg 1200w, https:\/\/www.geldernsein-festival.de\/wp-content\/uploads\/2022\/04\/039A4C48-FE81-4BEB-816C-075672F32347_1_201_a-1536x978.jpeg 1536w\" sizes=\"(max-width: 408px) 100vw, 408px\" \/><p id=\"caption-attachment-3782\" class=\"wp-caption-text\">HEEN und Publikum vor Malo\u00b4s Bistro<\/p><\/div>\n<p>Der K\u00f6lner sorgte mit seinen lockeren Songs und seiner offenen Art f\u00fcr eine \u00a0entspannte Atmosph\u00e4re, die auch beim zweiten Stop dieser Runde anhielt. Denn der Buskalation-Fahrplan sah als zweiten Halt den &#8222;Schwarzbrenner&#8220; vor. Dort schon von vielen Musikfreunden erwartet, lieferte HEEN auch hier die geballte Ladung Soul und lie\u00df so manchen Zuh\u00f6rer mittanzen.<\/p>\n<div id=\"attachment_3783\" style=\"width: 417px\" class=\"wp-caption aligncenter\"><img aria-describedby=\"caption-attachment-3783\" decoding=\"async\" class=\" wp-image-3783\" src=\"https:\/\/www.geldernsein-festival.de\/wp-content\/uploads\/2022\/04\/C66D8B19-6F3A-4BF3-B815-00B2BE67F904-300x225.jpeg\" alt=\"\" width=\"407\" height=\"305\" srcset=\"https:\/\/www.geldernsein-festival.de\/wp-content\/uploads\/2022\/04\/C66D8B19-6F3A-4BF3-B815-00B2BE67F904-200x150.jpeg 200w, https:\/\/www.geldernsein-festival.de\/wp-content\/uploads\/2022\/04\/C66D8B19-6F3A-4BF3-B815-00B2BE67F904-300x225.jpeg 300w, https:\/\/www.geldernsein-festival.de\/wp-content\/uploads\/2022\/04\/C66D8B19-6F3A-4BF3-B815-00B2BE67F904-400x300.jpeg 400w, https:\/\/www.geldernsein-festival.de\/wp-content\/uploads\/2022\/04\/C66D8B19-6F3A-4BF3-B815-00B2BE67F904-600x450.jpeg 600w, https:\/\/www.geldernsein-festival.de\/wp-content\/uploads\/2022\/04\/C66D8B19-6F3A-4BF3-B815-00B2BE67F904-768x576.jpeg 768w, https:\/\/www.geldernsein-festival.de\/wp-content\/uploads\/2022\/04\/C66D8B19-6F3A-4BF3-B815-00B2BE67F904-800x600.jpeg 800w, https:\/\/www.geldernsein-festival.de\/wp-content\/uploads\/2022\/04\/C66D8B19-6F3A-4BF3-B815-00B2BE67F904-1024x768.jpeg 1024w, https:\/\/www.geldernsein-festival.de\/wp-content\/uploads\/2022\/04\/C66D8B19-6F3A-4BF3-B815-00B2BE67F904-1200x900.jpeg 1200w, https:\/\/www.geldernsein-festival.de\/wp-content\/uploads\/2022\/04\/C66D8B19-6F3A-4BF3-B815-00B2BE67F904-1536x1152.jpeg 1536w\" sizes=\"(max-width: 407px) 100vw, 407px\" \/><p id=\"caption-attachment-3783\" class=\"wp-caption-text\">HEEN auf dem Doppeldeckerbus vorm Schwarzbrenner in Geldern<\/p><\/div>\n<h4>Runde 3 &#8211; Haltestellen: Malo\u00b4s Bistro &#8211; Schwarzbrenner mit Scruffyheads<\/h4>\n<p>Zum gro\u00dfen Buskalation-Finale machten es sich die Scruffyheads auf dem Oberdeck des London-Busses gem\u00fctlich. Die siebenk\u00f6pfige Truppe wartete aber nicht bis zum ersten Halt bei &#8222;Malo\u00b4s Bistro&#8220; mit ihrem Auftritt. Vielmehr wurde bereits die Hinfahrt \u00fcber die W\u00e4lle f\u00fcr gut gelaunte A-Capella-Ska-Einlagen genutzt.<\/p>\n<p><div id=\"attachment_3786\" style=\"width: 417px\" class=\"wp-caption aligncenter\"><img aria-describedby=\"caption-attachment-3786\" decoding=\"async\" class=\"wp-image-3786 \" src=\"https:\/\/www.geldernsein-festival.de\/wp-content\/uploads\/2022\/04\/5930C437-D143-452C-B071-20DF670F95D2_1_201_a-300x182.jpeg\" alt=\"\" width=\"407\" height=\"247\" srcset=\"https:\/\/www.geldernsein-festival.de\/wp-content\/uploads\/2022\/04\/5930C437-D143-452C-B071-20DF670F95D2_1_201_a-200x122.jpeg 200w, https:\/\/www.geldernsein-festival.de\/wp-content\/uploads\/2022\/04\/5930C437-D143-452C-B071-20DF670F95D2_1_201_a-300x182.jpeg 300w, https:\/\/www.geldernsein-festival.de\/wp-content\/uploads\/2022\/04\/5930C437-D143-452C-B071-20DF670F95D2_1_201_a-400x243.jpeg 400w, https:\/\/www.geldernsein-festival.de\/wp-content\/uploads\/2022\/04\/5930C437-D143-452C-B071-20DF670F95D2_1_201_a-600x365.jpeg 600w, https:\/\/www.geldernsein-festival.de\/wp-content\/uploads\/2022\/04\/5930C437-D143-452C-B071-20DF670F95D2_1_201_a-768x467.jpeg 768w, https:\/\/www.geldernsein-festival.de\/wp-content\/uploads\/2022\/04\/5930C437-D143-452C-B071-20DF670F95D2_1_201_a-800x486.jpeg 800w, https:\/\/www.geldernsein-festival.de\/wp-content\/uploads\/2022\/04\/5930C437-D143-452C-B071-20DF670F95D2_1_201_a-1024x622.jpeg 1024w, https:\/\/www.geldernsein-festival.de\/wp-content\/uploads\/2022\/04\/5930C437-D143-452C-B071-20DF670F95D2_1_201_a-1200x729.jpeg 1200w, https:\/\/www.geldernsein-festival.de\/wp-content\/uploads\/2022\/04\/5930C437-D143-452C-B071-20DF670F95D2_1_201_a-1536x933.jpeg 1536w\" sizes=\"(max-width: 407px) 100vw, 407px\" \/><p id=\"caption-attachment-3786\" class=\"wp-caption-text\">Finale der Buskalation mit Scruffyheads<\/p><\/div>\n<div id=\"attachment_3787\" style=\"width: 417px\" class=\"wp-caption aligncenter\"><img aria-describedby=\"caption-attachment-3787\" decoding=\"async\" class=\"wp-image-3787 \" src=\"https:\/\/www.geldernsein-festival.de\/wp-content\/uploads\/2022\/04\/2324CAA2-E2C3-4073-BD28-372BAB105171_1_201_a-300x225.jpeg\" alt=\"\" width=\"407\" height=\"305\" srcset=\"https:\/\/www.geldernsein-festival.de\/wp-content\/uploads\/2022\/04\/2324CAA2-E2C3-4073-BD28-372BAB105171_1_201_a-200x150.jpeg 200w, https:\/\/www.geldernsein-festival.de\/wp-content\/uploads\/2022\/04\/2324CAA2-E2C3-4073-BD28-372BAB105171_1_201_a-300x225.jpeg 300w, https:\/\/www.geldernsein-festival.de\/wp-content\/uploads\/2022\/04\/2324CAA2-E2C3-4073-BD28-372BAB105171_1_201_a-400x300.jpeg 400w, https:\/\/www.geldernsein-festival.de\/wp-content\/uploads\/2022\/04\/2324CAA2-E2C3-4073-BD28-372BAB105171_1_201_a-600x450.jpeg 600w, https:\/\/www.geldernsein-festival.de\/wp-content\/uploads\/2022\/04\/2324CAA2-E2C3-4073-BD28-372BAB105171_1_201_a-768x576.jpeg 768w, https:\/\/www.geldernsein-festival.de\/wp-content\/uploads\/2022\/04\/2324CAA2-E2C3-4073-BD28-372BAB105171_1_201_a-800x600.jpeg 800w, https:\/\/www.geldernsein-festival.de\/wp-content\/uploads\/2022\/04\/2324CAA2-E2C3-4073-BD28-372BAB105171_1_201_a-1024x768.jpeg 1024w, https:\/\/www.geldernsein-festival.de\/wp-content\/uploads\/2022\/04\/2324CAA2-E2C3-4073-BD28-372BAB105171_1_201_a-1200x900.jpeg 1200w, https:\/\/www.geldernsein-festival.de\/wp-content\/uploads\/2022\/04\/2324CAA2-E2C3-4073-BD28-372BAB105171_1_201_a-1536x1152.jpeg 1536w\" sizes=\"(max-width: 407px) 100vw, 407px\" \/><p id=\"caption-attachment-3787\" class=\"wp-caption-text\">Die Scruffyheads bringen alle zum Tanzen<\/p><\/div><\/p>\n<p>Sowohl auf dem Bus als auch vor dem Bus gab es ab dem Zeitpunkt kein Halten mehr, die Gelderner haben bis zum Schluss sowohl am ersten Halt als auch sp\u00e4ter am Schwarzbrenner die Glockengasse zu ihrer Tanzfl\u00e4che gemacht. Den Soundtrack haben die Scruffyheads geliefert.<\/p>\n<p>Und nach dieser wahnsinnig tollen Buskalation freuen wir uns schon darauf, euch und die Bands zum geldernsein-Festival 2022 wieder am Holl\u00e4nder See begr\u00fc\u00dfen zu d\u00fcrfen.<\/p>\n<\/div><div class=\"fusion-clearfix\"><\/div><\/div><\/div><div class=\"fusion-layout-column fusion_builder_column fusion-builder-column-2 fusion_builder_column_1_5 1_5 fusion-one-fifth fusion-column-last\" style=\"width:20%;width:calc(20% - ( ( 4% ) * 0.2 ) );margin-top:0px;margin-bottom:20px;\"><div class=\"fusion-column-wrapper fusion-flex-column-wrapper-legacy\" style=\"background-position:left top;background-repeat:no-repeat;-webkit-background-size:cover;-moz-background-size:cover;-o-background-size:cover;background-size:cover;padding: 0px 0px 0px 0px;\"><div class=\"fusion-widget-area fusion-widget-area-1 fusion-content-widget-area\"><style type=\"text\/css\">.fusion-widget-area-1 {padding:0px 0px 0px 0px;}.fusion-widget-area-1 .widget h4 {color:#ffffff;}.fusion-widget-area-1 .widget .heading h4 {color:#ffffff;}<\/style><style type=\"text\/css\" data-id=\"avada-vertical-menu-widget-3\">#avada-vertical-menu-widget-3 > ul.menu { margin-top: -8px; }<\/style><div id=\"avada-vertical-menu-widget-3\" class=\"widget avada_vertical_menu\"><div class=\"heading\"><h4 class=\"widget-title\">R\u00fcckblicke<\/h4><\/div><style>#fusion-vertical-menu-widget-avada-vertical-menu-widget-3-nav ul.menu li a {font-size:30px;}<\/style><nav id=\"fusion-vertical-menu-widget-avada-vertical-menu-widget-3-nav\" class=\"fusion-vertical-menu-widget fusion-menu hover right no-border\" aria-label=\"Secondary Navigation: R\u00fcckblicke\"><ul id=\"menu-rueckblick\" class=\"menu\"><li id=\"menu-item-3802\" class=\"menu-item menu-item-type-post_type menu-item-object-page menu-item-3802\"><a href=\"https:\/\/www.geldernsein-festival.de\/?page_id=3796\"><span class=\"arrow\"><\/span><span class=\"link-text\"> 2021<\/span><\/a><\/li><li id=\"menu-item-3808\" class=\"menu-item menu-item-type-post_type menu-item-object-page menu-item-3808\"><a href=\"https:\/\/www.geldernsein-festival.de\/?page_id=3805\"><span class=\"arrow\"><\/span><span class=\"link-text\"> 2020<\/span><\/a><\/li><li id=\"menu-item-3687\" class=\"menu-item menu-item-type-post_type menu-item-object-page menu-item-3687\"><a href=\"https:\/\/www.geldernsein-festival.de\/?page_id=3415\"><span class=\"arrow\"><\/span><span class=\"link-text\"> 2019<\/span><\/a><\/li><li id=\"menu-item-3113\" class=\"menu-item menu-item-type-post_type menu-item-object-page menu-item-3113\"><a href=\"https:\/\/www.geldernsein-festival.de\/?page_id=3078\"><span class=\"arrow\"><\/span><span class=\"link-text\"> 2018<\/span><\/a><\/li><li id=\"menu-item-2347\" class=\"menu-item menu-item-type-post_type menu-item-object-page menu-item-2347\"><a href=\"https:\/\/www.geldernsein-festival.de\/?page_id=281\"><span class=\"arrow\"><\/span><span class=\"link-text\"> 2017<\/span><\/a><\/li><li id=\"menu-item-2330\" class=\"menu-item menu-item-type-post_type menu-item-object-page menu-item-2330\"><a href=\"https:\/\/www.geldernsein-festival.de\/?page_id=278\"><span class=\"arrow\"><\/span><span class=\"link-text\"> 2016<\/span><\/a><\/li><li id=\"menu-item-2331\" class=\"menu-item menu-item-type-post_type menu-item-object-page menu-item-2331\"><a href=\"https:\/\/www.geldernsein-festival.de\/?page_id=275\"><span class=\"arrow\"><\/span><span class=\"link-text\"> 2015<\/span><\/a><\/li><li id=\"menu-item-2333\" class=\"menu-item menu-item-type-post_type menu-item-object-page menu-item-2333\"><a href=\"https:\/\/www.geldernsein-festival.de\/?page_id=272\"><span class=\"arrow\"><\/span><span class=\"link-text\"> 2014<\/span><\/a><\/li><li id=\"menu-item-2332\" class=\"menu-item menu-item-type-post_type menu-item-object-page menu-item-2332\"><a href=\"https:\/\/www.geldernsein-festival.de\/?page_id=268\"><span class=\"arrow\"><\/span><span class=\"link-text\"> 2013<\/span><\/a><\/li><\/ul><\/nav><\/div><div class=\"fusion-additional-widget-content\"><\/div><\/div><div class=\"fusion-clearfix\"><\/div><\/div><\/div><\/div><\/div><\/p>\n","protected":false},"excerpt":{"rendered":"","protected":false},"author":1,"featured_media":0,"parent":0,"menu_order":0,"comment_status":"closed","ping_status":"closed","template":"100-width.php","meta":[],"_links":{"self":[{"href":"https:\/\/www.geldernsein-festival.de\/index.php?rest_route=\/wp\/v2\/pages\/3796"}],"collection":[{"href":"https:\/\/www.geldernsein-festival.de\/index.php?rest_route=\/wp\/v2\/pages"}],"about":[{"href":"https:\/\/www.geldernsein-festival.de\/index.php?rest_route=\/wp\/v2\/types\/page"}],"author":[{"embeddable":true,"href":"https:\/\/www.geldernsein-festival.de\/index.php?rest_route=\/wp\/v2\/users\/1"}],"replies":[{"embeddable":true,"href":"https:\/\/www.geldernsein-festival.de\/index.php?rest_route=%2Fwp%2Fv2%2Fcomments&post=3796"}],"version-history":[{"count":3,"href":"https:\/\/www.geldernsein-festival.de\/index.php?rest_route=\/wp\/v2\/pages\/3796\/revisions"}],"predecessor-version":[{"id":3803,"href":"https:\/\/www.geldernsein-festival.de\/index.php?rest_route=\/wp\/v2\/pages\/3796\/revisions\/3803"}],"wp:attachment":[{"href":"https:\/\/www.geldernsein-festival.de\/index.php?rest_route=%2Fwp%2Fv2%2Fmedia&parent=3796"}],"curies":[{"name":"wp","href":"https:\/\/api.w.org\/{rel}","templated":true}]}}