{"id":37,"date":"2018-04-17T10:22:11","date_gmt":"2018-04-17T08:22:11","guid":{"rendered":"http:\/\/wp3.pure-games.net\/?page_id=37"},"modified":"2023-02-10T18:21:56","modified_gmt":"2023-02-10T17:21:56","slug":"startseite","status":"publish","type":"page","link":"https:\/\/www.geldernsein-festival.de\/","title":{"rendered":"Festival in Geldern, NRW"},"content":{"rendered":"<div class=\"fusion-fullwidth fullwidth-box fusion-builder-row-1 nonhundred-percent-fullwidth non-hundred-percent-height-scrolling\" style=\"background-color: rgba(255,255,255,0);background-position: center center;background-repeat: no-repeat;padding-top:30px;padding-right:0px;padding-bottom:30px;padding-left:0px;margin-bottom: 0px;margin-top: 0px;border-width: 0px 0px 0px 0px;border-color:#3e3e3e;border-style:solid;\" ><div class=\"fusion-builder-row fusion-row\"><div class=\"fusion-layout-column fusion_builder_column fusion-builder-column-0 fusion_builder_column_1_6 1_6 fusion-one-sixth fusion-column-first\" style=\"width:16.666666666667%;width:calc(16.666666666667% - ( ( 4% + 4% ) * 0.16666666666667 ) );margin-right: 4%;margin-top:40px;margin-bottom:20px;\"><div class=\"fusion-column-wrapper fusion-flex-column-wrapper-legacy\" style=\"background-position:left top;background-repeat:no-repeat;-webkit-background-size:cover;-moz-background-size:cover;-o-background-size:cover;background-size:cover;padding: 0px 0px 0px 0px;\"><div class=\"fusion-clearfix\"><\/div><\/div><\/div><div class=\"fusion-layout-column fusion_builder_column fusion-builder-column-1 fusion_builder_column_2_3 2_3 fusion-two-third fusion-animated\" style=\"width:66.666666666667%;width:calc(66.666666666667% - ( ( 4% + 4% ) * 0.66666666666667 ) );margin-right: 4%;margin-top:0px;margin-bottom:20px;\" data-animationType=\"slideInLeft\" data-animationDuration=\"0.3\" data-animationOffset=\"top-into-view\"><div class=\"fusion-column-wrapper fusion-flex-column-wrapper-legacy\" style=\"background-position:left top;background-repeat:no-repeat;-webkit-background-size:cover;-moz-background-size:cover;-o-background-size:cover;background-size:cover;padding: 30px 0px 30px 0px;\"><div class=\"fusion-text fusion-text-1\"><div class=\"x11i5rnm xat24cr x1mh8g0r x1vvkbs xdj266r x126k92a\">\n<div dir=\"auto\">Liebe geldernsein-Freunde,<\/div>\n<div dir=\"auto\"><\/div>\n<\/div>\n<div class=\"x11i5rnm xat24cr x1mh8g0r x1vvkbs xtlvy1s x126k92a\">\n<div dir=\"auto\">die meisten von euch haben es bestimmt schon mitbekommen:<\/div>\n<div dir=\"auto\">das geldernsein-Festival wird es ab 2023 nicht mehr geben. Wir hatten alle gehofft, noch eine &#8222;10 Jahre geldernsein&#8220;-Sause feiern zu d\u00fcrfen, aber die finanzielle Aussicht hat uns da schnell auf den Boden der Realit\u00e4t geholt.<\/div>\n<div dir=\"auto\">Ein Festival in der Form und mit unserem Qualit\u00e4ts-Anspruch wird finanziell nicht mehr zu stemmen sein.<\/div>\n<\/div>\n<div class=\"x11i5rnm xat24cr x1mh8g0r x1vvkbs xtlvy1s x126k92a\">\n<div dir=\"auto\">Jetzt bleibt uns nur noch, Danke zu sagen. Vor allem danken wir der <a class=\"x1i10hfl xjbqb8w x6umtig x1b1mbwd xaqea5y xav7gou x9f619 x1ypdohk xt0psk2 xe8uvvx xdj266r x11i5rnm xat24cr x1mh8g0r xexx8yu x4uap5 x18d9i69 xkhd6sd x16tdsg8 x1hl2dhg xggy1nq x1a2a7pz xt0b8zv x1qq9wsj xo1l8bm\" tabindex=\"0\" role=\"link\" href=\"https:\/\/www.facebook.com\/stadtgeldern?__cft__&#091;0&#093;=AZUdorRhmDF7XYlwNxhYdx4Y-SwP_7j47py18jKmLwfAGyyXIoFlM3mSAqOw6cOhRKnf85CqttrLhr-R5uR8I3mkAXzhRoB2ME2mMzuc7QkwsPq0PL0z2ol3iAdLN5w5r5aXmVz9mvwLkCjfSsCwbpt-KBfZLS1Es1-fDe732J1Y70tctvmYNLnuqeCpHhp45aw&amp;__tn__=-&#093;K-R\"><span class=\"xt0psk2\">Stadt Geldern<\/span><\/a> und der <a class=\"x1i10hfl xjbqb8w x6umtig x1b1mbwd xaqea5y xav7gou x9f619 x1ypdohk xt0psk2 xe8uvvx xdj266r x11i5rnm xat24cr x1mh8g0r xexx8yu x4uap5 x18d9i69 xkhd6sd x16tdsg8 x1hl2dhg xggy1nq x1a2a7pz xt0b8zv x1qq9wsj xo1l8bm\" tabindex=\"0\" role=\"link\" href=\"https:\/\/www.facebook.com\/SparkasseKrefeld\/?__cft__&#091;0&#093;=AZUdorRhmDF7XYlwNxhYdx4Y-SwP_7j47py18jKmLwfAGyyXIoFlM3mSAqOw6cOhRKnf85CqttrLhr-R5uR8I3mkAXzhRoB2ME2mMzuc7QkwsPq0PL0z2ol3iAdLN5w5r5aXmVz9mvwLkCjfSsCwbpt-KBfZLS1Es1-fDe732J1Y70tctvmYNLnuqeCpHhp45aw&amp;__tn__=kK-R\"><span class=\"xt0psk2\">Sparkasse Krefeld<\/span><\/a> f\u00fcr ihre langj\u00e4hrige und gro\u00dfz\u00fcgige Unterst\u00fctzung bei der Gestaltung unseres kleinen Festivals. Ohne sie h\u00e4tten wir die Gelderner Kulturlandschaft nicht um so viele Auftritte hochkar\u00e4tiger Live-Musiker bereichern k\u00f6nnen.<\/div>\n<div dir=\"auto\">Und nicht zuletzt durch die zahlreichen fleissigen Helfer vor, w\u00e4hrend und nach dem Festival konnten wir das geldernsein in der Form durchf\u00fchren, wie wir es seit 2013 taten.<\/div>\n<\/div>\n<div class=\"x11i5rnm xat24cr x1mh8g0r x1vvkbs xtlvy1s x126k92a\">\n<div dir=\"auto\">Kurz gesagt: wir k\u00f6nnen euch, den Freunden, den Musikbegeisterten, den Kulturliebhabern gar nicht genug danken f\u00fcr die letzten Jahre.<\/div>\n<\/div>\n<div class=\"x11i5rnm xat24cr x1mh8g0r x1vvkbs xtlvy1s x126k92a\">\n<div dir=\"auto\">Der geldernsein e.V. bleibt bestehen. Nur so k\u00f6nnen wir, falls sich irgendwann eine Gelegenheit f\u00fcr eine neue geldernsein-Veranstaltung ergeben sollte, handlungsf\u00e4hig bleiben.<\/div>\n<\/div>\n<div class=\"x11i5rnm xat24cr x1mh8g0r x1vvkbs xtlvy1s x126k92a\">\n<div dir=\"auto\">Passt auf euch auf, unterst\u00fctzt unsere Kulturszene, besucht Konzerte.<\/div>\n<\/div>\n<div class=\"x11i5rnm xat24cr x1mh8g0r x1vvkbs xtlvy1s x126k92a\">\n<div dir=\"auto\">Wir sehen uns!<\/div>\n<\/div>\n<div class=\"x11i5rnm xat24cr x1mh8g0r x1vvkbs xtlvy1s x126k92a\">\n<div dir=\"auto\">Euer geldernsein-Team<\/div>\n<\/div>\n<\/div><div class=\"fusion-clearfix\"><\/div><\/div><\/div><div class=\"fusion-layout-column fusion_builder_column fusion-builder-column-2 fusion_builder_column_1_6 1_6 fusion-one-sixth fusion-column-last\" style=\"width:16.666666666667%;width:calc(16.666666666667% - ( ( 4% + 4% ) * 0.16666666666667 ) );margin-top:40px;margin-bottom:20px;\"><div class=\"fusion-column-wrapper fusion-flex-column-wrapper-legacy\" style=\"background-position:left top;background-repeat:no-repeat;-webkit-background-size:cover;-moz-background-size:cover;-o-background-size:cover;background-size:cover;padding: 0px 0px 0px 0px;\"><div class=\"fusion-clearfix\"><\/div><\/div><\/div><\/div><\/div>\n","protected":false},"excerpt":{"rendered":"","protected":false},"author":1,"featured_media":0,"parent":0,"menu_order":0,"comment_status":"closed","ping_status":"closed","template":"100-width.php","meta":[],"_links":{"self":[{"href":"https:\/\/www.geldernsein-festival.de\/index.php?rest_route=\/wp\/v2\/pages\/37"}],"collection":[{"href":"https:\/\/www.geldernsein-festival.de\/index.php?rest_route=\/wp\/v2\/pages"}],"about":[{"href":"https:\/\/www.geldernsein-festival.de\/index.php?rest_route=\/wp\/v2\/types\/page"}],"author":[{"embeddable":true,"href":"https:\/\/www.geldernsein-festival.de\/index.php?rest_route=\/wp\/v2\/users\/1"}],"replies":[{"embeddable":true,"href":"https:\/\/www.geldernsein-festival.de\/index.php?rest_route=%2Fwp%2Fv2%2Fcomments&post=37"}],"version-history":[{"count":316,"href":"https:\/\/www.geldernsein-festival.de\/index.php?rest_route=\/wp\/v2\/pages\/37\/revisions"}],"predecessor-version":[{"id":4062,"href":"https:\/\/www.geldernsein-festival.de\/index.php?rest_route=\/wp\/v2\/pages\/37\/revisions\/4062"}],"wp:attachment":[{"href":"https:\/\/www.geldernsein-festival.de\/index.php?rest_route=%2Fwp%2Fv2%2Fmedia&parent=37"}],"curies":[{"name":"wp","href":"https:\/\/api.w.org\/{rel}","templated":true}]}}